{"id":22,"date":"2019-11-09T14:05:11","date_gmt":"2019-11-09T14:05:11","guid":{"rendered":"http:\/\/casermeiro.es\/wp\/?page_id=22"},"modified":"2019-11-11T20:45:30","modified_gmt":"2019-11-11T20:45:30","slug":"bienvenidos","status":"publish","type":"page","link":"https:\/\/casermeiro.es\/wp\/","title":{"rendered":"Bienvenidos"},"content":{"rendered":"<p style=\"text-align: center;\"><span style=\"color: #0000ff;\"><strong>Bienvenidos a la web de mi consultorio m\u00e9dico. Mi prioridad a lo largo de <\/strong><\/span><span style=\"color: #0000ff;\"><strong>mis a\u00f1os de profesi\u00f3n han sido las pers<\/strong><\/span><span style=\"color: #0000ff;\"><strong>onas y su salud. Por eso quiero ofrecerle a usted y a su familia una medicina integral en el sector de Carlos de Haya, eficaz, cercana, con un servicio m\u00e9dico completo, r\u00e1pido y personalizado. <\/strong><\/span><\/p>\n<p style=\"text-align: center;\"><span style=\"color: #0000ff;\"><strong><img loading=\"lazy\" decoding=\"async\" class=\"aligncenter wp-image-81 size-medium\" src=\"https:\/\/casermeiro.es\/wp\/wp-content\/uploads\/2019\/11\/IMG_5567-300x225.jpg\" alt=\"\" width=\"300\" height=\"225\" srcset=\"https:\/\/casermeiro.es\/wp\/wp-content\/uploads\/2019\/11\/IMG_5567-300x225.jpg 300w, https:\/\/casermeiro.es\/wp\/wp-content\/uploads\/2019\/11\/IMG_5567-768x576.jpg 768w, https:\/\/casermeiro.es\/wp\/wp-content\/uploads\/2019\/11\/IMG_5567-1024x768.jpg 1024w, https:\/\/casermeiro.es\/wp\/wp-content\/uploads\/2019\/11\/IMG_5567.jpg 2048w\" sizes=\"auto, (max-width: 300px) 100vw, 300px\" \/><\/strong><\/span><\/p>\n<p style=\"text-align: center;\"><span style=\"color: #ff0000;\"><strong>Gracias<\/strong><strong> por confiar en nosotros<\/strong><\/span><\/p>\n","protected":false},"excerpt":{"rendered":"<p>Bienvenidos a la web de mi consultorio m\u00e9dico. Mi prioridad a lo largo de mis a\u00f1os de profesi\u00f3n han sido las personas y su salud. Por eso quiero ofrecerle a usted y a su familia una medicina integral en el &hellip; <a href=\"https:\/\/casermeiro.es\/wp\/\">Sigue leyendo <span class=\"meta-nav\">&rarr;<\/span><\/a><\/p>\n","protected":false},"author":1,"featured_media":0,"parent":0,"menu_order":0,"comment_status":"closed","ping_status":"closed","template":"","meta":{"footnotes":""},"class_list":["post-22","page","type-page","status-publish","hentry"],"_links":{"self":[{"href":"https:\/\/casermeiro.es\/wp\/wp-json\/wp\/v2\/pages\/22","targetHints":{"allow":["GET"]}}],"collection":[{"href":"https:\/\/casermeiro.es\/wp\/wp-json\/wp\/v2\/pages"}],"about":[{"href":"https:\/\/casermeiro.es\/wp\/wp-json\/wp\/v2\/types\/page"}],"author":[{"embeddable":true,"href":"https:\/\/casermeiro.es\/wp\/wp-json\/wp\/v2\/users\/1"}],"replies":[{"embeddable":true,"href":"https:\/\/casermeiro.es\/wp\/wp-json\/wp\/v2\/comments?post=22"}],"version-history":[{"count":10,"href":"https:\/\/casermeiro.es\/wp\/wp-json\/wp\/v2\/pages\/22\/revisions"}],"predecessor-version":[{"id":136,"href":"https:\/\/casermeiro.es\/wp\/wp-json\/wp\/v2\/pages\/22\/revisions\/136"}],"wp:attachment":[{"href":"https:\/\/casermeiro.es\/wp\/wp-json\/wp\/v2\/media?parent=22"}],"curies":[{"name":"wp","href":"https:\/\/api.w.org\/{rel}","templated":true}]}}